{"id":6069,"date":"2025-08-20T14:45:34","date_gmt":"2025-08-20T12:45:34","guid":{"rendered":"https:\/\/mck.technicalmuseum.cz\/?page_id=6069"},"modified":"2025-08-20T15:36:30","modified_gmt":"2025-08-20T13:36:30","slug":"konzervatorsko-restauratorske-dokumentace-z-roku-2011","status":"publish","type":"page","link":"https:\/\/mck.technicalmuseum.cz\/en\/poskytovane-sluzby\/konzervatorske-zasahy\/konzervatorsko-restauratorske-dokumentace-z-roku-2011\/","title":{"rendered":"Konzerv\u00e1torsko-restaur\u00e1torsk\u00e9 dokumentace z roku 2011"},"content":{"rendered":"<p class=\"qtranxs-available-languages-message qtranxs-available-languages-message-en\">Sorry, this entry is only available in <a href=\"https:\/\/mck.technicalmuseum.cz\/cs\/wp-json\/wp\/v2\/pages\/6069\" class=\"qtranxs-available-language-link qtranxs-available-language-link-cs\" title=\"\u010ce\u0161tina\">\u010ce\u0161tina<\/a>.<\/p>","protected":false},"excerpt":{"rendered":"<p>Sorry, this entry is only available in \u010ce\u0161tina.<\/p>\n","protected":false},"author":6,"featured_media":0,"parent":908,"menu_order":0,"comment_status":"closed","ping_status":"closed","template":"","meta":{"_acf_changed":false,"inline_featured_image":false,"footnotes":""},"class_list":["post-6069","page","type-page","status-publish","hentry"],"acf":[],"aioseo_notices":[],"_links":{"self":[{"href":"https:\/\/mck.technicalmuseum.cz\/en\/wp-json\/wp\/v2\/pages\/6069","targetHints":{"allow":["GET"]}}],"collection":[{"href":"https:\/\/mck.technicalmuseum.cz\/en\/wp-json\/wp\/v2\/pages"}],"about":[{"href":"https:\/\/mck.technicalmuseum.cz\/en\/wp-json\/wp\/v2\/types\/page"}],"author":[{"embeddable":true,"href":"https:\/\/mck.technicalmuseum.cz\/en\/wp-json\/wp\/v2\/users\/6"}],"replies":[{"embeddable":true,"href":"https:\/\/mck.technicalmuseum.cz\/en\/wp-json\/wp\/v2\/comments?post=6069"}],"version-history":[{"count":0,"href":"https:\/\/mck.technicalmuseum.cz\/en\/wp-json\/wp\/v2\/pages\/6069\/revisions"}],"up":[{"embeddable":true,"href":"https:\/\/mck.technicalmuseum.cz\/en\/wp-json\/wp\/v2\/pages\/908"}],"wp:attachment":[{"href":"https:\/\/mck.technicalmuseum.cz\/en\/wp-json\/wp\/v2\/media?parent=6069"}],"curies":[{"name":"wp","href":"https:\/\/api.w.org\/{rel}","templated":true}]}}