{"id":917,"date":"2017-12-30T18:28:44","date_gmt":"2017-12-30T17:28:44","guid":{"rendered":"https:\/\/mck.inevio.cz\/wp\/?page_id=917"},"modified":"2017-12-30T18:28:44","modified_gmt":"2017-12-30T17:28:44","slug":"konzultacni-cinnost-mck-tmb-za-rok-2011","status":"publish","type":"page","link":"https:\/\/mck.technicalmuseum.cz\/en\/poskytovane-sluzby\/konzultacni-cinnost\/konzultacni-cinnost-mck-tmb-za-rok-2011\/","title":{"rendered":"Konzulta\u010dn\u00ed \u010dinnost MCK TMB za rok 2011"},"content":{"rendered":"<p class=\"qtranxs-available-languages-message qtranxs-available-languages-message-en\">Sorry, this entry is only available in <a href=\"https:\/\/mck.technicalmuseum.cz\/cs\/wp-json\/wp\/v2\/pages\/917\" class=\"qtranxs-available-language-link qtranxs-available-language-link-cs\" title=\"\u010ce\u0161tina\">\u010ce\u0161tina<\/a>.<\/p>","protected":false},"excerpt":{"rendered":"<p>Sorry, this entry is only available in \u010ce\u0161tina.<\/p>\n","protected":false},"author":6,"featured_media":0,"parent":911,"menu_order":0,"comment_status":"closed","ping_status":"closed","template":"","meta":{"_acf_changed":false,"inline_featured_image":false,"footnotes":""},"class_list":["post-917","page","type-page","status-publish","hentry"],"acf":[],"aioseo_notices":[],"_links":{"self":[{"href":"https:\/\/mck.technicalmuseum.cz\/en\/wp-json\/wp\/v2\/pages\/917","targetHints":{"allow":["GET"]}}],"collection":[{"href":"https:\/\/mck.technicalmuseum.cz\/en\/wp-json\/wp\/v2\/pages"}],"about":[{"href":"https:\/\/mck.technicalmuseum.cz\/en\/wp-json\/wp\/v2\/types\/page"}],"author":[{"embeddable":true,"href":"https:\/\/mck.technicalmuseum.cz\/en\/wp-json\/wp\/v2\/users\/6"}],"replies":[{"embeddable":true,"href":"https:\/\/mck.technicalmuseum.cz\/en\/wp-json\/wp\/v2\/comments?post=917"}],"version-history":[{"count":0,"href":"https:\/\/mck.technicalmuseum.cz\/en\/wp-json\/wp\/v2\/pages\/917\/revisions"}],"up":[{"embeddable":true,"href":"https:\/\/mck.technicalmuseum.cz\/en\/wp-json\/wp\/v2\/pages\/911"}],"wp:attachment":[{"href":"https:\/\/mck.technicalmuseum.cz\/en\/wp-json\/wp\/v2\/media?parent=917"}],"curies":[{"name":"wp","href":"https:\/\/api.w.org\/{rel}","templated":true}]}}